{"id":596,"date":"2024-01-16T09:28:11","date_gmt":"2024-01-16T12:28:11","guid":{"rendered":"https:\/\/stayupmkt.com\/realstate\/?page_id=596"},"modified":"2024-02-22T13:51:06","modified_gmt":"2024-02-22T16:51:06","slug":"branding","status":"publish","type":"page","link":"https:\/\/stayupmkt.com\/realestate\/branding\/","title":{"rendered":"BRAND MANAGEMENT"},"content":{"rendered":"\t\t<div data-elementor-type=\"wp-page\" data-elementor-id=\"596\" class=\"elementor elementor-596\">\n\t\t\t\t\t\t<section class=\"elementor-section elementor-top-section elementor-element elementor-element-c9871c7 elementor-section-full_width elementor-section-height-default elementor-section-height-default\" data-id=\"c9871c7\" data-element_type=\"section\" data-e-type=\"section\" data-settings=\"{&quot;background_background&quot;:&quot;classic&quot;}\">\n\t\t\t\t\t\t\t<div class=\"elementor-background-overlay\"><\/div>\n\t\t\t\t\t\t\t<div class=\"elementor-container elementor-column-gap-default\">\n\t\t\t\t\t<div class=\"elementor-column elementor-col-100 elementor-top-column elementor-element elementor-element-21e58b2\" data-id=\"21e58b2\" data-element_type=\"column\" data-e-type=\"column\">\n\t\t\t<div class=\"elementor-widget-wrap elementor-element-populated\">\n\t\t\t\t\t\t<div class=\"elementor-element elementor-element-45443af elementor-invisible elementor-widget elementor-widget-heading\" data-id=\"45443af\" data-element_type=\"widget\" data-e-type=\"widget\" data-settings=\"{&quot;_animation&quot;:&quot;fadeInRight&quot;}\" data-widget_type=\"heading.default\">\n\t\t\t\t<div class=\"elementor-widget-container\">\n\t\t\t\t\t<h4 class=\"elementor-heading-title elementor-size-default\"><a href=\"https:\/\/stayupmkt.com\/realestate\/nosotros\/\">BRANDING<\/a><\/h4>\t\t\t\t<\/div>\n\t\t\t\t<\/div>\n\t\t\t\t\t<\/div>\n\t\t<\/div>\n\t\t\t\t\t<\/div>\n\t\t<\/section>\n\t\t\t\t<section class=\"elementor-section elementor-top-section elementor-element elementor-element-9d4342d elementor-section-boxed elementor-section-height-default elementor-section-height-default\" data-id=\"9d4342d\" data-element_type=\"section\" data-e-type=\"section\" data-settings=\"{&quot;background_background&quot;:&quot;classic&quot;}\">\n\t\t\t\t\t\t\t<div class=\"elementor-background-overlay\"><\/div>\n\t\t\t\t\t\t\t<div class=\"elementor-container elementor-column-gap-default\">\n\t\t\t\t\t<div class=\"elementor-column elementor-col-50 elementor-top-column elementor-element elementor-element-851adcc\" data-id=\"851adcc\" data-element_type=\"column\" data-e-type=\"column\">\n\t\t\t<div class=\"elementor-widget-wrap elementor-element-populated\">\n\t\t\t\t\t\t<div class=\"elementor-element elementor-element-e4ff603 animated-slow elementor-invisible elementor-widget elementor-widget-text-editor\" data-id=\"e4ff603\" data-element_type=\"widget\" data-e-type=\"widget\" data-settings=\"{&quot;_animation&quot;:&quot;fadeIn&quot;}\" data-widget_type=\"text-editor.default\">\n\t\t\t\t<div class=\"elementor-widget-container\">\n\t\t\t\t\t\t\t\t\t<p>BRANDING<\/p>\t\t\t\t\t\t\t\t<\/div>\n\t\t\t\t<\/div>\n\t\t\t\t\t<\/div>\n\t\t<\/div>\n\t\t\t\t<div class=\"elementor-column elementor-col-50 elementor-top-column elementor-element elementor-element-ab75e75\" data-id=\"ab75e75\" data-element_type=\"column\" data-e-type=\"column\">\n\t\t\t<div class=\"elementor-widget-wrap elementor-element-populated\">\n\t\t\t\t\t\t<div class=\"elementor-element elementor-element-6da0486 animated-slow elementor-invisible elementor-widget elementor-widget-text-editor\" data-id=\"6da0486\" data-element_type=\"widget\" data-e-type=\"widget\" data-settings=\"{&quot;_animation&quot;:&quot;fadeIn&quot;}\" data-widget_type=\"text-editor.default\">\n\t\t\t\t<div class=\"elementor-widget-container\">\n\t\t\t\t\t\t\t\t\t<p>Todo nuevo proyecto <b>debe ser consistente<\/b> para poder valerse en el mercado actual. Junto con partners de distintas disciplinas desarrollaremos <b>tu identidad e imagen<\/b> corporativa.<br \/>\u00bfQu\u00e9 es la identidad corporativa? <b>Es el alma de tu empresa<\/b>, su raz\u00f3n de ser, lo que la hace \u00fanica.\u00a0\u00bfY la imagen corporativa? C\u00f3mo<b> transmitir tu esencia al mercado.<\/b><\/p>\t\t\t\t\t\t\t\t<\/div>\n\t\t\t\t<\/div>\n\t\t\t\t\t<\/div>\n\t\t<\/div>\n\t\t\t\t\t<\/div>\n\t\t<\/section>\n\t\t\t\t<section class=\"elementor-section elementor-top-section elementor-element elementor-element-58fe458 elementor-section-boxed elementor-section-height-default elementor-section-height-default\" data-id=\"58fe458\" data-element_type=\"section\" data-e-type=\"section\" data-settings=\"{&quot;background_background&quot;:&quot;classic&quot;}\">\n\t\t\t\t\t\t\t<div class=\"elementor-background-overlay\"><\/div>\n\t\t\t\t\t\t\t<div class=\"elementor-container elementor-column-gap-default\">\n\t\t\t\t\t<div class=\"elementor-column elementor-col-50 elementor-top-column elementor-element elementor-element-a254919\" data-id=\"a254919\" data-element_type=\"column\" data-e-type=\"column\">\n\t\t\t<div class=\"elementor-widget-wrap elementor-element-populated\">\n\t\t\t\t\t\t<div class=\"elementor-element elementor-element-2ac471a animated-slow elementor-invisible elementor-widget elementor-widget-text-editor\" data-id=\"2ac471a\" data-element_type=\"widget\" data-e-type=\"widget\" data-settings=\"{&quot;_animation&quot;:&quot;fadeIn&quot;}\" data-widget_type=\"text-editor.default\">\n\t\t\t\t<div class=\"elementor-widget-container\">\n\t\t\t\t\t\t\t\t\t<p>RE-BRANDING<\/p>\t\t\t\t\t\t\t\t<\/div>\n\t\t\t\t<\/div>\n\t\t\t\t\t<\/div>\n\t\t<\/div>\n\t\t\t\t<div class=\"elementor-column elementor-col-50 elementor-top-column elementor-element elementor-element-520193b\" data-id=\"520193b\" data-element_type=\"column\" data-e-type=\"column\">\n\t\t\t<div class=\"elementor-widget-wrap elementor-element-populated\">\n\t\t\t\t\t\t<div class=\"elementor-element elementor-element-85d85bf animated-slow elementor-invisible elementor-widget elementor-widget-text-editor\" data-id=\"85d85bf\" data-element_type=\"widget\" data-e-type=\"widget\" data-settings=\"{&quot;_animation&quot;:&quot;fadeIn&quot;}\" data-widget_type=\"text-editor.default\">\n\t\t\t\t<div class=\"elementor-widget-container\">\n\t\t\t\t\t\t\t\t\t<p>Nos enfocamos en los requerimientos y expectativas del mercado actual para <b>renovar tu marca, manteniendo su identidad <\/b>pero\u00a0acerc\u00e1ndola a esta nueva era, con todos los considerandos de las aplicaciones actuales y las<b> expectativas del consumidor <\/b>moderno.<\/p>\t\t\t\t\t\t\t\t<\/div>\n\t\t\t\t<\/div>\n\t\t\t\t\t<\/div>\n\t\t<\/div>\n\t\t\t\t\t<\/div>\n\t\t<\/section>\n\t\t\t\t<section class=\"elementor-section elementor-top-section elementor-element elementor-element-b2f257d elementor-section-boxed elementor-section-height-default elementor-section-height-default\" data-id=\"b2f257d\" data-element_type=\"section\" data-e-type=\"section\" data-settings=\"{&quot;background_background&quot;:&quot;classic&quot;}\">\n\t\t\t\t\t\t\t<div class=\"elementor-background-overlay\"><\/div>\n\t\t\t\t\t\t\t<div class=\"elementor-container elementor-column-gap-default\">\n\t\t\t\t\t<div class=\"elementor-column elementor-col-50 elementor-top-column elementor-element elementor-element-6e6f1b8\" data-id=\"6e6f1b8\" data-element_type=\"column\" data-e-type=\"column\">\n\t\t\t<div class=\"elementor-widget-wrap elementor-element-populated\">\n\t\t\t\t\t\t<div class=\"elementor-element elementor-element-b8e0b6c animated-slow elementor-invisible elementor-widget elementor-widget-text-editor\" data-id=\"b8e0b6c\" data-element_type=\"widget\" data-e-type=\"widget\" data-settings=\"{&quot;_animation&quot;:&quot;fadeIn&quot;}\" data-widget_type=\"text-editor.default\">\n\t\t\t\t<div class=\"elementor-widget-container\">\n\t\t\t\t\t\t\t\t\t<p>IDENTIDAD PARA <br \/>EMPRENDIMIENTOS<\/p>\t\t\t\t\t\t\t\t<\/div>\n\t\t\t\t<\/div>\n\t\t\t\t\t<\/div>\n\t\t<\/div>\n\t\t\t\t<div class=\"elementor-column elementor-col-50 elementor-top-column elementor-element elementor-element-b9cb02d\" data-id=\"b9cb02d\" data-element_type=\"column\" data-e-type=\"column\">\n\t\t\t<div class=\"elementor-widget-wrap elementor-element-populated\">\n\t\t\t\t\t\t<div class=\"elementor-element elementor-element-dc57afb animated-slow elementor-invisible elementor-widget elementor-widget-text-editor\" data-id=\"dc57afb\" data-element_type=\"widget\" data-e-type=\"widget\" data-settings=\"{&quot;_animation&quot;:&quot;fadeIn&quot;}\" data-widget_type=\"text-editor.default\">\n\t\t\t\t<div class=\"elementor-widget-container\">\n\t\t\t\t\t\t\t\t\t<p><b>Cada nuevo emprendimiento<\/b>, sea un edificio, un barrio, un complejo, debe llevar consigo un por qu\u00e9, <b>una raz\u00f3n de ser<\/b>, una inspiraci\u00f3n, una\u00a0<span style=\"font-size: inherit; background-color: rgba(251, 251, 251, 0); color: var( --e-global-color-secondary );\">identidad que lo hace \u00fanico e invita a los dem\u00e1s a querer formar parte y <b>diferenciarse desde su concepci\u00f3n\u2026<\/b> Voy a ayudarte a desarrollar <\/span><span style=\"font-size: inherit; background-color: rgba(251, 251, 251, 0); color: var( --e-global-color-secondary );\">ese nuevo concepto para que puedas brindar una mejor experiencia a tus clientes, <span>creando una relaci\u00f3n \u00fanica entre tu emprendimiento y la marca creadora<\/span><\/span><\/p>\t\t\t\t\t\t\t\t<\/div>\n\t\t\t\t<\/div>\n\t\t\t\t\t<\/div>\n\t\t<\/div>\n\t\t\t\t\t<\/div>\n\t\t<\/section>\n\t\t\t\t<section class=\"elementor-section elementor-top-section elementor-element elementor-element-b0d2ce9 elementor-section-boxed elementor-section-height-default elementor-section-height-default\" data-id=\"b0d2ce9\" data-element_type=\"section\" data-e-type=\"section\" data-settings=\"{&quot;background_background&quot;:&quot;classic&quot;}\">\n\t\t\t\t\t\t\t<div class=\"elementor-background-overlay\"><\/div>\n\t\t\t\t\t\t\t<div class=\"elementor-container elementor-column-gap-default\">\n\t\t\t\t\t<div class=\"elementor-column elementor-col-100 elementor-top-column elementor-element elementor-element-46ee01e\" data-id=\"46ee01e\" data-element_type=\"column\" data-e-type=\"column\">\n\t\t\t<div class=\"elementor-widget-wrap elementor-element-populated\">\n\t\t\t\t\t\t<div class=\"elementor-element elementor-element-3325398 elementor-align-center elementor-widget elementor-widget-button\" data-id=\"3325398\" data-element_type=\"widget\" data-e-type=\"widget\" data-widget_type=\"button.default\">\n\t\t\t\t<div class=\"elementor-widget-container\">\n\t\t\t\t\t\t\t\t\t<div class=\"elementor-button-wrapper\">\n\t\t\t\t\t<a class=\"elementor-button elementor-button-link elementor-size-xs\" href=\"https:\/\/wa.me\/+541160123256\">\n\t\t\t\t\t\t<span class=\"elementor-button-content-wrapper\">\n\t\t\t\t\t\t<span class=\"elementor-button-icon\">\n\t\t\t\t<i aria-hidden=\"true\" class=\"fab fa-whatsapp\"><\/i>\t\t\t<\/span>\n\t\t\t\t\t\t\t\t\t<span class=\"elementor-button-text\">Contactanos<\/span>\n\t\t\t\t\t<\/span>\n\t\t\t\t\t<\/a>\n\t\t\t\t<\/div>\n\t\t\t\t\t\t\t\t<\/div>\n\t\t\t\t<\/div>\n\t\t\t\t\t<\/div>\n\t\t<\/div>\n\t\t\t\t\t<\/div>\n\t\t<\/section>\n\t\t\t\t<\/div>\n\t\t","protected":false},"excerpt":{"rendered":"<p>BRANDING BRANDING Todo nuevo proyecto debe ser consistente para poder valerse en el mercado actual. Junto con partners de distintas disciplinas desarrollaremos tu identidad e imagen corporativa.\u00bfQu\u00e9 es la identidad corporativa? Es el alma de tu empresa, su raz\u00f3n de ser, lo que la hace \u00fanica.\u00a0\u00bfY la imagen corporativa? C\u00f3mo [&hellip;]<\/p>\n","protected":false},"author":1,"featured_media":0,"parent":0,"menu_order":0,"comment_status":"closed","ping_status":"closed","template":"elementor_header_footer","meta":{"content-type":"","footnotes":""},"class_list":["post-596","page","type-page","status-publish","hentry"],"_links":{"self":[{"href":"https:\/\/stayupmkt.com\/realestate\/wp-json\/wp\/v2\/pages\/596","targetHints":{"allow":["GET"]}}],"collection":[{"href":"https:\/\/stayupmkt.com\/realestate\/wp-json\/wp\/v2\/pages"}],"about":[{"href":"https:\/\/stayupmkt.com\/realestate\/wp-json\/wp\/v2\/types\/page"}],"author":[{"embeddable":true,"href":"https:\/\/stayupmkt.com\/realestate\/wp-json\/wp\/v2\/users\/1"}],"replies":[{"embeddable":true,"href":"https:\/\/stayupmkt.com\/realestate\/wp-json\/wp\/v2\/comments?post=596"}],"version-history":[{"count":34,"href":"https:\/\/stayupmkt.com\/realestate\/wp-json\/wp\/v2\/pages\/596\/revisions"}],"predecessor-version":[{"id":868,"href":"https:\/\/stayupmkt.com\/realestate\/wp-json\/wp\/v2\/pages\/596\/revisions\/868"}],"wp:attachment":[{"href":"https:\/\/stayupmkt.com\/realestate\/wp-json\/wp\/v2\/media?parent=596"}],"curies":[{"name":"wp","href":"https:\/\/api.w.org\/{rel}","templated":true}]}}