{"id":627,"date":"2024-01-17T09:16:03","date_gmt":"2024-01-17T12:16:03","guid":{"rendered":"https:\/\/stayupmkt.com\/realstate\/?page_id=627"},"modified":"2024-04-10T13:45:19","modified_gmt":"2024-04-10T16:45:19","slug":"estrategia","status":"publish","type":"page","link":"https:\/\/stayupmkt.com\/realestate\/estrategia\/","title":{"rendered":"ESTRATEGIA"},"content":{"rendered":"\t\t<div data-elementor-type=\"wp-page\" data-elementor-id=\"627\" class=\"elementor elementor-627\">\n\t\t\t\t\t\t<section class=\"elementor-section elementor-top-section elementor-element elementor-element-c9871c7 elementor-section-full_width elementor-section-height-default elementor-section-height-default\" data-id=\"c9871c7\" data-element_type=\"section\" data-e-type=\"section\" data-settings=\"{&quot;background_background&quot;:&quot;classic&quot;}\">\n\t\t\t\t\t\t\t<div class=\"elementor-background-overlay\"><\/div>\n\t\t\t\t\t\t\t<div class=\"elementor-container elementor-column-gap-default\">\n\t\t\t\t\t<div class=\"elementor-column elementor-col-100 elementor-top-column elementor-element elementor-element-21e58b2\" data-id=\"21e58b2\" data-element_type=\"column\" data-e-type=\"column\">\n\t\t\t<div class=\"elementor-widget-wrap elementor-element-populated\">\n\t\t\t\t\t\t<div class=\"elementor-element elementor-element-45443af elementor-invisible elementor-widget elementor-widget-heading\" data-id=\"45443af\" data-element_type=\"widget\" data-e-type=\"widget\" data-settings=\"{&quot;_animation&quot;:&quot;fadeInRight&quot;}\" data-widget_type=\"heading.default\">\n\t\t\t\t<div class=\"elementor-widget-container\">\n\t\t\t\t\t<h4 class=\"elementor-heading-title elementor-size-default\"><a href=\"https:\/\/stayupmkt.com\/realestate\/nosotros\/\">ESTRATEGIA<\/a><\/h4>\t\t\t\t<\/div>\n\t\t\t\t<\/div>\n\t\t\t\t\t<\/div>\n\t\t<\/div>\n\t\t\t\t\t<\/div>\n\t\t<\/section>\n\t\t\t\t<section class=\"elementor-section elementor-top-section elementor-element elementor-element-9d4342d elementor-section-boxed elementor-section-height-default elementor-section-height-default\" data-id=\"9d4342d\" data-element_type=\"section\" data-e-type=\"section\" data-settings=\"{&quot;background_background&quot;:&quot;classic&quot;}\">\n\t\t\t\t\t\t\t<div class=\"elementor-background-overlay\"><\/div>\n\t\t\t\t\t\t\t<div class=\"elementor-container elementor-column-gap-default\">\n\t\t\t\t\t<div class=\"elementor-column elementor-col-50 elementor-top-column elementor-element elementor-element-851adcc\" data-id=\"851adcc\" data-element_type=\"column\" data-e-type=\"column\">\n\t\t\t<div class=\"elementor-widget-wrap elementor-element-populated\">\n\t\t\t\t\t\t<div class=\"elementor-element elementor-element-e4ff603 animated-slow elementor-invisible elementor-widget elementor-widget-text-editor\" data-id=\"e4ff603\" data-element_type=\"widget\" data-e-type=\"widget\" data-settings=\"{&quot;_animation&quot;:&quot;fadeIn&quot;}\" data-widget_type=\"text-editor.default\">\n\t\t\t\t<div class=\"elementor-widget-container\">\n\t\t\t\t\t\t\t\t\t<p>PLAN DE MKT<\/p>\t\t\t\t\t\t\t\t<\/div>\n\t\t\t\t<\/div>\n\t\t\t\t\t<\/div>\n\t\t<\/div>\n\t\t\t\t<div class=\"elementor-column elementor-col-50 elementor-top-column elementor-element elementor-element-ab75e75\" data-id=\"ab75e75\" data-element_type=\"column\" data-e-type=\"column\">\n\t\t\t<div class=\"elementor-widget-wrap elementor-element-populated\">\n\t\t\t\t\t\t<div class=\"elementor-element elementor-element-6da0486 animated-slow elementor-invisible elementor-widget elementor-widget-text-editor\" data-id=\"6da0486\" data-element_type=\"widget\" data-e-type=\"widget\" data-settings=\"{&quot;_animation&quot;:&quot;fadeIn&quot;}\" data-widget_type=\"text-editor.default\">\n\t\t\t\t<div class=\"elementor-widget-container\">\n\t\t\t\t\t\t\t\t\t<p>La \u00fanica manera de lograr tus objetivos es <strong>trazando el camino<\/strong>.<br \/>Te voy a ayudar a comprender cu\u00e1les son los requerimientos y tendencias del mercado inmobiliario actual, abordando 2 disciplinas: <strong>Marketing + Corretaje inmobiliario.<\/strong><br \/>Nuestro Plan de Marketing conlleva una etapa de an\u00e1lisis de la empresa con una <strong>lectura profunda de sus necesidades, conocimiento del <\/strong><strong>entorno y tendencias<\/strong> actuales + el establecimiento de objetivos, estrategias y el plan de acci\u00f3n para llevarlo a cabo bajo un esquema de: plan &#8211; programa &#8211; proyecto.<br \/>Trabajaremos con metas reales, teniendo en cuenta las necesidades y recursos de tu empresa.<br \/><strong>Un servicio \u00fanico<\/strong> creado en respuesta de las necesidades del mercado de bienes ra\u00edces en Latinoam\u00e9rica.<\/p>\t\t\t\t\t\t\t\t<\/div>\n\t\t\t\t<\/div>\n\t\t\t\t\t<\/div>\n\t\t<\/div>\n\t\t\t\t\t<\/div>\n\t\t<\/section>\n\t\t\t\t<section class=\"elementor-section elementor-top-section elementor-element elementor-element-b2f257d elementor-section-boxed elementor-section-height-default elementor-section-height-default\" data-id=\"b2f257d\" data-element_type=\"section\" data-e-type=\"section\" data-settings=\"{&quot;background_background&quot;:&quot;classic&quot;}\">\n\t\t\t\t\t\t\t<div class=\"elementor-background-overlay\"><\/div>\n\t\t\t\t\t\t\t<div class=\"elementor-container elementor-column-gap-default\">\n\t\t\t\t\t<div class=\"elementor-column elementor-col-50 elementor-top-column elementor-element elementor-element-6e6f1b8\" data-id=\"6e6f1b8\" data-element_type=\"column\" data-e-type=\"column\">\n\t\t\t<div class=\"elementor-widget-wrap elementor-element-populated\">\n\t\t\t\t\t\t<div class=\"elementor-element elementor-element-b8e0b6c animated-slow elementor-invisible elementor-widget elementor-widget-text-editor\" data-id=\"b8e0b6c\" data-element_type=\"widget\" data-e-type=\"widget\" data-settings=\"{&quot;_animation&quot;:&quot;fadeIn&quot;}\" data-widget_type=\"text-editor.default\">\n\t\t\t\t<div class=\"elementor-widget-container\">\n\t\t\t\t\t\t\t\t\t<p>DISE\u00d1O DE <br \/>EXPERIENCIA DE <br \/>SERVICIO<\/p>\t\t\t\t\t\t\t\t<\/div>\n\t\t\t\t<\/div>\n\t\t\t\t\t<\/div>\n\t\t<\/div>\n\t\t\t\t<div class=\"elementor-column elementor-col-50 elementor-top-column elementor-element elementor-element-b9cb02d\" data-id=\"b9cb02d\" data-element_type=\"column\" data-e-type=\"column\">\n\t\t\t<div class=\"elementor-widget-wrap elementor-element-populated\">\n\t\t\t\t\t\t<div class=\"elementor-element elementor-element-dc57afb animated-slow elementor-invisible elementor-widget elementor-widget-text-editor\" data-id=\"dc57afb\" data-element_type=\"widget\" data-e-type=\"widget\" data-settings=\"{&quot;_animation&quot;:&quot;fadeIn&quot;}\" data-widget_type=\"text-editor.default\">\n\t\t\t\t<div class=\"elementor-widget-container\">\n\t\t\t\t\t\t\t\t\t<p>Dise\u00f1aremos eso que el cliente siente cuando se contacta con vos.<\/p><p>Las operaciones en bienes ra\u00edces son movilizantes y pueden generar un exceso de adrenalina y nervios en los diferentes actores; <strong>trabajamos para hacer que el recorrido de tus clientes sea una experiencia agradable<\/strong> y conlleve el mejor recuerdo.<\/p><p>Analizar, trazar y mejorar cada punto de contacto es la clave para lograr operaciones con \u00e9xito.<\/p>\t\t\t\t\t\t\t\t<\/div>\n\t\t\t\t<\/div>\n\t\t\t\t\t<\/div>\n\t\t<\/div>\n\t\t\t\t\t<\/div>\n\t\t<\/section>\n\t\t\t\t<section class=\"elementor-section elementor-top-section elementor-element elementor-element-58fe458 elementor-section-boxed elementor-section-height-default elementor-section-height-default\" data-id=\"58fe458\" data-element_type=\"section\" data-e-type=\"section\" data-settings=\"{&quot;background_background&quot;:&quot;classic&quot;}\">\n\t\t\t\t\t\t\t<div class=\"elementor-background-overlay\"><\/div>\n\t\t\t\t\t\t\t<div class=\"elementor-container elementor-column-gap-default\">\n\t\t\t\t\t<div class=\"elementor-column elementor-col-50 elementor-top-column elementor-element elementor-element-a254919\" data-id=\"a254919\" data-element_type=\"column\" data-e-type=\"column\">\n\t\t\t<div class=\"elementor-widget-wrap elementor-element-populated\">\n\t\t\t\t\t\t<div class=\"elementor-element elementor-element-2ac471a animated-slow elementor-invisible elementor-widget elementor-widget-text-editor\" data-id=\"2ac471a\" data-element_type=\"widget\" data-e-type=\"widget\" data-settings=\"{&quot;_animation&quot;:&quot;fadeIn&quot;}\" data-widget_type=\"text-editor.default\">\n\t\t\t\t<div class=\"elementor-widget-container\">\n\t\t\t\t\t\t\t\t\tPLAN DE SOCIAL MEDIA\t\t\t\t\t\t\t\t<\/div>\n\t\t\t\t<\/div>\n\t\t\t\t\t<\/div>\n\t\t<\/div>\n\t\t\t\t<div class=\"elementor-column elementor-col-50 elementor-top-column elementor-element elementor-element-520193b\" data-id=\"520193b\" data-element_type=\"column\" data-e-type=\"column\">\n\t\t\t<div class=\"elementor-widget-wrap elementor-element-populated\">\n\t\t\t\t\t\t<div class=\"elementor-element elementor-element-85d85bf animated-slow elementor-invisible elementor-widget elementor-widget-text-editor\" data-id=\"85d85bf\" data-element_type=\"widget\" data-e-type=\"widget\" data-settings=\"{&quot;_animation&quot;:&quot;fadeIn&quot;}\" data-widget_type=\"text-editor.default\">\n\t\t\t\t<div class=\"elementor-widget-container\">\n\t\t\t\t\t\t\t\t\t<p>\u00bfTodav\u00eda no cont\u00e1s con una estrategia de comunicaci\u00f3n en tus redes sociales?<br \/>Creamos <strong>tu estrategia de comunicaci\u00f3n en redes<\/strong> sociales para que logres un mayor impacto en tu audiencia. <br \/>Revisaremos aspectos como la <strong>Experiencia del cliente + Contenido + Est\u00e9tica + Calendario.<\/strong><br \/>Realizamos un an\u00e1lisis de tu marca y sus principales competidores, as\u00ed como tambi\u00e9n t<strong>us objetivos a corto y medio plazo<\/strong> para crear una estrategia que te ayude a acercarte a tus clientes potenciales.<\/p><ul><li>Atrae <strong>mayor cantidad de prospectos para ventas<\/strong>.<\/li><li>Increment\u00e1 tu cartera de propiedades.<\/li><li>Logr\u00e1 alianzas estrat\u00e9gicas con colegas.<\/li><\/ul>\t\t\t\t\t\t\t\t<\/div>\n\t\t\t\t<\/div>\n\t\t\t\t\t<\/div>\n\t\t<\/div>\n\t\t\t\t\t<\/div>\n\t\t<\/section>\n\t\t\t\t<section class=\"elementor-section elementor-top-section elementor-element elementor-element-e61bba6 elementor-section-boxed elementor-section-height-default elementor-section-height-default\" data-id=\"e61bba6\" data-element_type=\"section\" data-e-type=\"section\" data-settings=\"{&quot;background_background&quot;:&quot;classic&quot;}\">\n\t\t\t\t\t\t<div class=\"elementor-container elementor-column-gap-default\">\n\t\t\t\t\t<div class=\"elementor-column elementor-col-100 elementor-top-column elementor-element elementor-element-5720855\" data-id=\"5720855\" data-element_type=\"column\" data-e-type=\"column\">\n\t\t\t<div class=\"elementor-widget-wrap elementor-element-populated\">\n\t\t\t\t\t\t<div class=\"elementor-element elementor-element-dc81b60 animated-slow elementor-invisible elementor-widget elementor-widget-text-editor\" data-id=\"dc81b60\" data-element_type=\"widget\" data-e-type=\"widget\" data-settings=\"{&quot;_animation&quot;:&quot;fadeIn&quot;}\" data-widget_type=\"text-editor.default\">\n\t\t\t\t<div class=\"elementor-widget-container\">\n\t\t\t\t\t\t\t\t\t<p>SERVICIOS DE ACOMPA\u00d1AMIENTO<\/p>\t\t\t\t\t\t\t\t<\/div>\n\t\t\t\t<\/div>\n\t\t\t\t\t<\/div>\n\t\t<\/div>\n\t\t\t\t\t<\/div>\n\t\t<\/section>\n\t\t\t\t<section class=\"elementor-section elementor-top-section elementor-element elementor-element-d68e891 elementor-section-boxed elementor-section-height-default elementor-section-height-default\" data-id=\"d68e891\" data-element_type=\"section\" data-e-type=\"section\" data-settings=\"{&quot;background_background&quot;:&quot;classic&quot;}\">\n\t\t\t\t\t\t\t<div class=\"elementor-background-overlay\"><\/div>\n\t\t\t\t\t\t\t<div class=\"elementor-container elementor-column-gap-default\">\n\t\t\t\t\t<div class=\"elementor-column elementor-col-50 elementor-top-column elementor-element elementor-element-553ac83\" data-id=\"553ac83\" data-element_type=\"column\" data-e-type=\"column\">\n\t\t\t<div class=\"elementor-widget-wrap elementor-element-populated\">\n\t\t\t\t\t\t<div class=\"elementor-element elementor-element-c796728 animated-slow elementor-invisible elementor-widget elementor-widget-text-editor\" data-id=\"c796728\" data-element_type=\"widget\" data-e-type=\"widget\" data-settings=\"{&quot;_animation&quot;:&quot;fadeIn&quot;}\" data-widget_type=\"text-editor.default\">\n\t\t\t\t<div class=\"elementor-widget-container\">\n\t\t\t\t\t\t\t\t\t<p>COMERCIALIZACI\u00d3N <br \/>ESTRAT\u00c9GICA<\/p>\t\t\t\t\t\t\t\t<\/div>\n\t\t\t\t<\/div>\n\t\t\t\t<div class=\"elementor-element elementor-element-4b55f46 elementor-widget elementor-widget-text-editor\" data-id=\"4b55f46\" data-element_type=\"widget\" data-e-type=\"widget\" data-widget_type=\"text-editor.default\">\n\t\t\t\t<div class=\"elementor-widget-container\">\n\t\t\t\t\t\t\t\t\t<p>Seguimiento y revisi\u00f3n de objetivos<\/p>\t\t\t\t\t\t\t\t<\/div>\n\t\t\t\t<\/div>\n\t\t\t\t\t<\/div>\n\t\t<\/div>\n\t\t\t\t<div class=\"elementor-column elementor-col-50 elementor-top-column elementor-element elementor-element-3da8a35\" data-id=\"3da8a35\" data-element_type=\"column\" data-e-type=\"column\">\n\t\t\t<div class=\"elementor-widget-wrap elementor-element-populated\">\n\t\t\t\t\t\t<div class=\"elementor-element elementor-element-15122bd animated-slow elementor-invisible elementor-widget elementor-widget-text-editor\" data-id=\"15122bd\" data-element_type=\"widget\" data-e-type=\"widget\" data-settings=\"{&quot;_animation&quot;:&quot;fadeIn&quot;}\" data-widget_type=\"text-editor.default\">\n\t\t\t\t<div class=\"elementor-widget-container\">\n\t\t\t\t\t\t\t\t\t<p><b>No los dejo solos\u2026 <\/b>los acompa\u00f1o en la implementaci\u00f3n de la estrategia con el fin de dar cumplimiento a los objetivos pautados, brindando el <b>respaldo profesional<\/b> que tu empresa necesita.<\/p>\t\t\t\t\t\t\t\t<\/div>\n\t\t\t\t<\/div>\n\t\t\t\t\t<\/div>\n\t\t<\/div>\n\t\t\t\t\t<\/div>\n\t\t<\/section>\n\t\t\t\t<section class=\"elementor-section elementor-top-section elementor-element elementor-element-2db8f8e elementor-section-boxed elementor-section-height-default elementor-section-height-default\" data-id=\"2db8f8e\" data-element_type=\"section\" data-e-type=\"section\" data-settings=\"{&quot;background_background&quot;:&quot;classic&quot;}\">\n\t\t\t\t\t\t\t<div class=\"elementor-background-overlay\"><\/div>\n\t\t\t\t\t\t\t<div class=\"elementor-container elementor-column-gap-default\">\n\t\t\t\t\t<div class=\"elementor-column elementor-col-50 elementor-top-column elementor-element elementor-element-bbee9fd\" data-id=\"bbee9fd\" data-element_type=\"column\" data-e-type=\"column\">\n\t\t\t<div class=\"elementor-widget-wrap elementor-element-populated\">\n\t\t\t\t\t\t<div class=\"elementor-element elementor-element-75a005c animated-slow elementor-invisible elementor-widget elementor-widget-text-editor\" data-id=\"75a005c\" data-element_type=\"widget\" data-e-type=\"widget\" data-settings=\"{&quot;_animation&quot;:&quot;fadeIn&quot;}\" data-widget_type=\"text-editor.default\">\n\t\t\t\t<div class=\"elementor-widget-container\">\n\t\t\t\t\t\t\t\t\t<p>SOCIAL MEDIA<br><\/p>\t\t\t\t\t\t\t\t<\/div>\n\t\t\t\t<\/div>\n\t\t\t\t<div class=\"elementor-element elementor-element-538dd33 elementor-widget elementor-widget-text-editor\" data-id=\"538dd33\" data-element_type=\"widget\" data-e-type=\"widget\" data-widget_type=\"text-editor.default\">\n\t\t\t\t<div class=\"elementor-widget-container\">\n\t\t\t\t\t\t\t\t\t<p>Seguimiento y revisi\u00f3n de objetivos<\/p>\t\t\t\t\t\t\t\t<\/div>\n\t\t\t\t<\/div>\n\t\t\t\t\t<\/div>\n\t\t<\/div>\n\t\t\t\t<div class=\"elementor-column elementor-col-50 elementor-top-column elementor-element elementor-element-d6f687e\" data-id=\"d6f687e\" data-element_type=\"column\" data-e-type=\"column\">\n\t\t\t<div class=\"elementor-widget-wrap elementor-element-populated\">\n\t\t\t\t\t\t<div class=\"elementor-element elementor-element-966ebe2 animated-slow elementor-invisible elementor-widget elementor-widget-text-editor\" data-id=\"966ebe2\" data-element_type=\"widget\" data-e-type=\"widget\" data-settings=\"{&quot;_animation&quot;:&quot;fadeIn&quot;}\" data-widget_type=\"text-editor.default\">\n\t\t\t\t<div class=\"elementor-widget-container\">\n\t\t\t\t\t\t\t\t\t<p>Trabajamos en conjunto para lograr mantener activo el plan establecido, ayud\u00e1ndote a generar contenido de calidad que logre<b> posicionar\u00a0tu empresa en el \u00e1mbito digital.<\/b><\/p><ul><li>SOCIAL MEDIA MANAGEMENT<\/li><li>CONTENT MANAGEMENT<\/li><li>GESTI\u00d3N DE CAMPA\u00d1AS PUBLICITARIAS<\/li><\/ul>\t\t\t\t\t\t\t\t<\/div>\n\t\t\t\t<\/div>\n\t\t\t\t\t<\/div>\n\t\t<\/div>\n\t\t\t\t\t<\/div>\n\t\t<\/section>\n\t\t\t\t<section class=\"elementor-section elementor-top-section elementor-element elementor-element-b0d2ce9 elementor-section-boxed elementor-section-height-default elementor-section-height-default\" data-id=\"b0d2ce9\" data-element_type=\"section\" data-e-type=\"section\" data-settings=\"{&quot;background_background&quot;:&quot;classic&quot;}\">\n\t\t\t\t\t\t\t<div class=\"elementor-background-overlay\"><\/div>\n\t\t\t\t\t\t\t<div class=\"elementor-container elementor-column-gap-default\">\n\t\t\t\t\t<div class=\"elementor-column elementor-col-100 elementor-top-column elementor-element elementor-element-46ee01e\" data-id=\"46ee01e\" data-element_type=\"column\" data-e-type=\"column\">\n\t\t\t<div class=\"elementor-widget-wrap elementor-element-populated\">\n\t\t\t\t\t\t<div class=\"elementor-element elementor-element-3325398 elementor-align-center elementor-widget elementor-widget-button\" data-id=\"3325398\" data-element_type=\"widget\" data-e-type=\"widget\" data-widget_type=\"button.default\">\n\t\t\t\t<div class=\"elementor-widget-container\">\n\t\t\t\t\t\t\t\t\t<div class=\"elementor-button-wrapper\">\n\t\t\t\t\t<a class=\"elementor-button elementor-button-link elementor-size-xs\" href=\"https:\/\/wa.me\/+541160123256\">\n\t\t\t\t\t\t<span class=\"elementor-button-content-wrapper\">\n\t\t\t\t\t\t<span class=\"elementor-button-icon\">\n\t\t\t\t<i aria-hidden=\"true\" class=\"fab fa-whatsapp\"><\/i>\t\t\t<\/span>\n\t\t\t\t\t\t\t\t\t<span class=\"elementor-button-text\">Contactanos<\/span>\n\t\t\t\t\t<\/span>\n\t\t\t\t\t<\/a>\n\t\t\t\t<\/div>\n\t\t\t\t\t\t\t\t<\/div>\n\t\t\t\t<\/div>\n\t\t\t\t\t<\/div>\n\t\t<\/div>\n\t\t\t\t\t<\/div>\n\t\t<\/section>\n\t\t\t\t<\/div>\n\t\t","protected":false},"excerpt":{"rendered":"<p>ESTRATEGIA PLAN DE MKT La \u00fanica manera de lograr tus objetivos es trazando el camino.Te voy a ayudar a comprender cu\u00e1les son los requerimientos y tendencias del mercado inmobiliario actual, abordando 2 disciplinas: Marketing + Corretaje inmobiliario.Nuestro Plan de Marketing conlleva una etapa de an\u00e1lisis de la empresa con una [&hellip;]<\/p>\n","protected":false},"author":1,"featured_media":0,"parent":0,"menu_order":0,"comment_status":"closed","ping_status":"closed","template":"elementor_header_footer","meta":{"content-type":"","footnotes":""},"class_list":["post-627","page","type-page","status-publish","hentry"],"_links":{"self":[{"href":"https:\/\/stayupmkt.com\/realestate\/wp-json\/wp\/v2\/pages\/627","targetHints":{"allow":["GET"]}}],"collection":[{"href":"https:\/\/stayupmkt.com\/realestate\/wp-json\/wp\/v2\/pages"}],"about":[{"href":"https:\/\/stayupmkt.com\/realestate\/wp-json\/wp\/v2\/types\/page"}],"author":[{"embeddable":true,"href":"https:\/\/stayupmkt.com\/realestate\/wp-json\/wp\/v2\/users\/1"}],"replies":[{"embeddable":true,"href":"https:\/\/stayupmkt.com\/realestate\/wp-json\/wp\/v2\/comments?post=627"}],"version-history":[{"count":46,"href":"https:\/\/stayupmkt.com\/realestate\/wp-json\/wp\/v2\/pages\/627\/revisions"}],"predecessor-version":[{"id":902,"href":"https:\/\/stayupmkt.com\/realestate\/wp-json\/wp\/v2\/pages\/627\/revisions\/902"}],"wp:attachment":[{"href":"https:\/\/stayupmkt.com\/realestate\/wp-json\/wp\/v2\/media?parent=627"}],"curies":[{"name":"wp","href":"https:\/\/api.w.org\/{rel}","templated":true}]}}