{"id":640,"date":"2024-01-17T09:29:35","date_gmt":"2024-01-17T12:29:35","guid":{"rendered":"https:\/\/stayupmkt.com\/realstate\/?page_id=640"},"modified":"2024-05-23T14:55:21","modified_gmt":"2024-05-23T17:55:21","slug":"capacitaciones","status":"publish","type":"page","link":"https:\/\/stayupmkt.com\/realestate\/capacitaciones\/","title":{"rendered":"CAPACITACIONES"},"content":{"rendered":"\t\t<div data-elementor-type=\"wp-page\" data-elementor-id=\"640\" class=\"elementor elementor-640\">\n\t\t\t\t\t\t<section class=\"elementor-section elementor-top-section elementor-element elementor-element-c9871c7 elementor-section-full_width elementor-section-height-default elementor-section-height-default\" data-id=\"c9871c7\" data-element_type=\"section\" data-e-type=\"section\" id=\"marketing\" data-settings=\"{&quot;background_background&quot;:&quot;classic&quot;}\">\n\t\t\t\t\t\t\t<div class=\"elementor-background-overlay\"><\/div>\n\t\t\t\t\t\t\t<div class=\"elementor-container elementor-column-gap-default\">\n\t\t\t\t\t<div class=\"elementor-column elementor-col-100 elementor-top-column elementor-element elementor-element-21e58b2\" data-id=\"21e58b2\" data-element_type=\"column\" data-e-type=\"column\">\n\t\t\t<div class=\"elementor-widget-wrap elementor-element-populated\">\n\t\t\t\t\t\t<div class=\"elementor-element elementor-element-45443af elementor-invisible elementor-widget elementor-widget-heading\" data-id=\"45443af\" data-element_type=\"widget\" data-e-type=\"widget\" data-settings=\"{&quot;_animation&quot;:&quot;fadeInRight&quot;}\" data-widget_type=\"heading.default\">\n\t\t\t\t<div class=\"elementor-widget-container\">\n\t\t\t\t\t<h4 class=\"elementor-heading-title elementor-size-default\"><a href=\"https:\/\/stayupmkt.com\/realestate\/nosotros\/\">CAPACITACIONES<\/a><\/h4>\t\t\t\t<\/div>\n\t\t\t\t<\/div>\n\t\t\t\t\t<\/div>\n\t\t<\/div>\n\t\t\t\t\t<\/div>\n\t\t<\/section>\n\t\t\t\t<section class=\"elementor-section elementor-top-section elementor-element elementor-element-9d4342d elementor-section-boxed elementor-section-height-default elementor-section-height-default\" data-id=\"9d4342d\" data-element_type=\"section\" data-e-type=\"section\" data-settings=\"{&quot;background_background&quot;:&quot;classic&quot;}\">\n\t\t\t\t\t\t\t<div class=\"elementor-background-overlay\"><\/div>\n\t\t\t\t\t\t\t<div class=\"elementor-container elementor-column-gap-default\">\n\t\t\t\t\t<div class=\"elementor-column elementor-col-50 elementor-top-column elementor-element elementor-element-851adcc\" data-id=\"851adcc\" data-element_type=\"column\" data-e-type=\"column\">\n\t\t\t<div class=\"elementor-widget-wrap elementor-element-populated\">\n\t\t\t\t\t\t<div class=\"elementor-element elementor-element-e4ff603 animated-slow elementor-invisible elementor-widget elementor-widget-text-editor\" data-id=\"e4ff603\" data-element_type=\"widget\" data-e-type=\"widget\" data-settings=\"{&quot;_animation&quot;:&quot;fadeIn&quot;}\" data-widget_type=\"text-editor.default\">\n\t\t\t\t<div class=\"elementor-widget-container\">\n\t\t\t\t\t\t\t\t\t<p>MARKETING INMOBILIARIO<\/p>\t\t\t\t\t\t\t\t<\/div>\n\t\t\t\t<\/div>\n\t\t\t\t\t<\/div>\n\t\t<\/div>\n\t\t\t\t<div class=\"elementor-column elementor-col-50 elementor-top-column elementor-element elementor-element-ab75e75\" data-id=\"ab75e75\" data-element_type=\"column\" data-e-type=\"column\">\n\t\t\t<div class=\"elementor-widget-wrap elementor-element-populated\">\n\t\t\t\t\t\t<div class=\"elementor-element elementor-element-6da0486 animated-slow elementor-invisible elementor-widget elementor-widget-text-editor\" data-id=\"6da0486\" data-element_type=\"widget\" data-e-type=\"widget\" data-settings=\"{&quot;_animation&quot;:&quot;fadeIn&quot;}\" data-widget_type=\"text-editor.default\">\n\t\t\t\t<div class=\"elementor-widget-container\">\n\t\t\t\t\t\t\t\t\t<p>En colaboraci\u00f3n con partners del rubro, creamos un <b>plan de capacitaci\u00f3n especializado para real estate<\/b>. Pensado para brindarte las herramientas necesarias para una mayor comprensi\u00f3n del contexto en materia de marketing y con informaci\u00f3n 100% aplicable al mercado real actual. <b>Ampliamos tus conocimientos y los de tu equipo<\/b>, para que logren desarrollar una mirada cr\u00edtica del entorno y la gesti\u00f3n de una <b>mejor estrategia <\/b>en el \u00e1mbito comercial.<\/p><p><strong>\u00bfA qui\u00e9n est\u00e1 dirigido?<\/strong> Inmobiliarias, constructoras, arquitectos y todo profesional del rubro que est\u00e9 en busca de un cambio en su plan de acci\u00f3n comercial.<\/p><p><strong>Modalidad<\/strong>: 3 encuentros + seguimiento del plan de acci\u00f3n x 2 meses.<\/p>\t\t\t\t\t\t\t\t<\/div>\n\t\t\t\t<\/div>\n\t\t\t\t\t<\/div>\n\t\t<\/div>\n\t\t\t\t\t<\/div>\n\t\t<\/section>\n\t\t\t\t<section class=\"elementor-section elementor-top-section elementor-element elementor-element-58fe458 elementor-section-boxed elementor-section-height-default elementor-section-height-default\" data-id=\"58fe458\" data-element_type=\"section\" data-e-type=\"section\" id=\"liderazgo\" data-settings=\"{&quot;background_background&quot;:&quot;classic&quot;}\">\n\t\t\t\t\t\t\t<div class=\"elementor-background-overlay\"><\/div>\n\t\t\t\t\t\t\t<div class=\"elementor-container elementor-column-gap-default\">\n\t\t\t\t\t<div class=\"elementor-column elementor-col-50 elementor-top-column elementor-element elementor-element-a254919\" data-id=\"a254919\" data-element_type=\"column\" data-e-type=\"column\">\n\t\t\t<div class=\"elementor-widget-wrap elementor-element-populated\">\n\t\t\t\t\t\t<div class=\"elementor-element elementor-element-2ac471a animated-slow elementor-invisible elementor-widget elementor-widget-text-editor\" data-id=\"2ac471a\" data-element_type=\"widget\" data-e-type=\"widget\" data-settings=\"{&quot;_animation&quot;:&quot;fadeIn&quot;}\" data-widget_type=\"text-editor.default\">\n\t\t\t\t<div class=\"elementor-widget-container\">\n\t\t\t\t\t\t\t\t\t<p>LIDERAZGO<\/p>\t\t\t\t\t\t\t\t<\/div>\n\t\t\t\t<\/div>\n\t\t\t\t\t<\/div>\n\t\t<\/div>\n\t\t\t\t<div class=\"elementor-column elementor-col-50 elementor-top-column elementor-element elementor-element-520193b\" data-id=\"520193b\" data-element_type=\"column\" data-e-type=\"column\">\n\t\t\t<div class=\"elementor-widget-wrap elementor-element-populated\">\n\t\t\t\t\t\t<div class=\"elementor-element elementor-element-85d85bf animated-slow elementor-invisible elementor-widget elementor-widget-text-editor\" data-id=\"85d85bf\" data-element_type=\"widget\" data-e-type=\"widget\" data-settings=\"{&quot;_animation&quot;:&quot;fadeIn&quot;}\" data-widget_type=\"text-editor.default\">\n\t\t\t\t<div class=\"elementor-widget-container\">\n\t\t\t\t\t\t\t\t\t<p>\u00bfQuer\u00e9s que <b>todo tu equipo se sume a la transformaci\u00f3n estrat\u00e9gica<\/b> de tu empresa? \u00bfNecesit\u00e1s desarrollar un nuevo liderazgo?<br>Voy a ayudarte a comprender la necesidad y la importancia del cambio, el reconocimiento del entorno complejo y los beneficios de esta evoluci\u00f3n para que puedas <b>transformarte en el l\u00edder que tanto deseas.<\/b><\/p>\n<p style=\"font-size: 14px;\"><strong>\u00bfA qui\u00e9n est\u00e1 dirigido?<\/strong> 2das o 3ras generaciones de inmobiliarias, constructoras y empresas del rubro, profesionales que est\u00e9n dando sus primeros pasos en el mercado.<\/p>\n<p style=\"font-size: 14px;\"><strong>Modalidad<\/strong>: 1 encuentro + seguimiento del plan de acci\u00f3n x 2 meses.<\/p>\t\t\t\t\t\t\t\t<\/div>\n\t\t\t\t<\/div>\n\t\t\t\t\t<\/div>\n\t\t<\/div>\n\t\t\t\t\t<\/div>\n\t\t<\/section>\n\t\t\t\t<section class=\"elementor-section elementor-top-section elementor-element elementor-element-0fdf731 elementor-section-boxed elementor-section-height-default elementor-section-height-default\" data-id=\"0fdf731\" data-element_type=\"section\" data-e-type=\"section\">\n\t\t\t\t\t\t<div class=\"elementor-container elementor-column-gap-default\">\n\t\t\t\t\t<div class=\"elementor-column elementor-col-100 elementor-top-column elementor-element elementor-element-adc4836\" data-id=\"adc4836\" data-element_type=\"column\" data-e-type=\"column\">\n\t\t\t<div class=\"elementor-widget-wrap elementor-element-populated\">\n\t\t\t\t\t\t<div class=\"elementor-element elementor-element-dceb81e elementor-widget elementor-widget-video\" data-id=\"dceb81e\" data-element_type=\"widget\" data-e-type=\"widget\" data-settings=\"{&quot;youtube_url&quot;:&quot;https:\\\/\\\/youtu.be\\\/-Q1WUsffZQo&quot;,&quot;autoplay&quot;:&quot;yes&quot;,&quot;play_on_mobile&quot;:&quot;yes&quot;,&quot;video_type&quot;:&quot;youtube&quot;}\" data-widget_type=\"video.default\">\n\t\t\t\t<div class=\"elementor-widget-container\">\n\t\t\t\t\t\t\t<div class=\"elementor-wrapper elementor-open-inline\">\n\t\t\t<div class=\"elementor-video\"><\/div>\t\t<\/div>\n\t\t\t\t\t\t<\/div>\n\t\t\t\t<\/div>\n\t\t\t\t\t<\/div>\n\t\t<\/div>\n\t\t\t\t\t<\/div>\n\t\t<\/section>\n\t\t\t\t<section class=\"elementor-section elementor-top-section elementor-element elementor-element-b0d2ce9 elementor-section-boxed elementor-section-height-default elementor-section-height-default\" data-id=\"b0d2ce9\" data-element_type=\"section\" data-e-type=\"section\" data-settings=\"{&quot;background_background&quot;:&quot;classic&quot;}\">\n\t\t\t\t\t\t\t<div class=\"elementor-background-overlay\"><\/div>\n\t\t\t\t\t\t\t<div class=\"elementor-container elementor-column-gap-default\">\n\t\t\t\t\t<div class=\"elementor-column elementor-col-100 elementor-top-column elementor-element elementor-element-46ee01e\" data-id=\"46ee01e\" data-element_type=\"column\" data-e-type=\"column\">\n\t\t\t<div class=\"elementor-widget-wrap elementor-element-populated\">\n\t\t\t\t\t\t<div class=\"elementor-element elementor-element-3325398 elementor-align-center elementor-widget elementor-widget-button\" data-id=\"3325398\" data-element_type=\"widget\" data-e-type=\"widget\" data-widget_type=\"button.default\">\n\t\t\t\t<div class=\"elementor-widget-container\">\n\t\t\t\t\t\t\t\t\t<div class=\"elementor-button-wrapper\">\n\t\t\t\t\t<a class=\"elementor-button elementor-button-link elementor-size-xs\" href=\"https:\/\/wa.me\/+541160123256\">\n\t\t\t\t\t\t<span class=\"elementor-button-content-wrapper\">\n\t\t\t\t\t\t<span class=\"elementor-button-icon\">\n\t\t\t\t<i aria-hidden=\"true\" class=\"fab fa-whatsapp\"><\/i>\t\t\t<\/span>\n\t\t\t\t\t\t\t\t\t<span class=\"elementor-button-text\">Contactanos<\/span>\n\t\t\t\t\t<\/span>\n\t\t\t\t\t<\/a>\n\t\t\t\t<\/div>\n\t\t\t\t\t\t\t\t<\/div>\n\t\t\t\t<\/div>\n\t\t\t\t\t<\/div>\n\t\t<\/div>\n\t\t\t\t\t<\/div>\n\t\t<\/section>\n\t\t\t\t<\/div>\n\t\t","protected":false},"excerpt":{"rendered":"<p>CAPACITACIONES MARKETING INMOBILIARIO En colaboraci\u00f3n con partners del rubro, creamos un plan de capacitaci\u00f3n especializado para real estate. Pensado para brindarte las herramientas necesarias para una mayor comprensi\u00f3n del contexto en materia de marketing y con informaci\u00f3n 100% aplicable al mercado real actual. Ampliamos tus conocimientos y los de tu [&hellip;]<\/p>\n","protected":false},"author":1,"featured_media":0,"parent":0,"menu_order":0,"comment_status":"closed","ping_status":"closed","template":"elementor_header_footer","meta":{"content-type":"","footnotes":""},"class_list":["post-640","page","type-page","status-publish","hentry"],"_links":{"self":[{"href":"https:\/\/stayupmkt.com\/realestate\/wp-json\/wp\/v2\/pages\/640","targetHints":{"allow":["GET"]}}],"collection":[{"href":"https:\/\/stayupmkt.com\/realestate\/wp-json\/wp\/v2\/pages"}],"about":[{"href":"https:\/\/stayupmkt.com\/realestate\/wp-json\/wp\/v2\/types\/page"}],"author":[{"embeddable":true,"href":"https:\/\/stayupmkt.com\/realestate\/wp-json\/wp\/v2\/users\/1"}],"replies":[{"embeddable":true,"href":"https:\/\/stayupmkt.com\/realestate\/wp-json\/wp\/v2\/comments?post=640"}],"version-history":[{"count":40,"href":"https:\/\/stayupmkt.com\/realestate\/wp-json\/wp\/v2\/pages\/640\/revisions"}],"predecessor-version":[{"id":923,"href":"https:\/\/stayupmkt.com\/realestate\/wp-json\/wp\/v2\/pages\/640\/revisions\/923"}],"wp:attachment":[{"href":"https:\/\/stayupmkt.com\/realestate\/wp-json\/wp\/v2\/media?parent=640"}],"curies":[{"name":"wp","href":"https:\/\/api.w.org\/{rel}","templated":true}]}}